{"id":76,"date":"2021-04-26T19:33:07","date_gmt":"2021-04-26T19:33:07","guid":{"rendered":"https:\/\/stats.fusijama.tv\/?page_id=76"},"modified":"2021-04-26T19:33:07","modified_gmt":"2021-04-26T19:33:07","slug":"roster","status":"publish","type":"page","link":"https:\/\/stats.fusijama.stigsson.is\/index.php\/roster\/","title":{"rendered":"Roster"},"content":{"rendered":"<p>This is an example Player List. As a new SportsPress user, you should go to your dashboard to delete this Player List and create new Player Lists for your content. Have fun!<div class=\"sportspress\">\n\t\t<div id='sp-player-gallery-60' class='gallery galleryid-60 gallery-columns-3 gallery-size-sportspress-crop-medium'>\t<div class=\"sp-template sp-template-player-gallery sp-template-gallery\"><div class=\"sp-player-gallery-wrapper sp-gallery-wrapper\"><dl class='gallery-item'>\n\t<dt class='gallery-icon portrait'><a href=\"https:\/\/stats.fusijama.stigsson.is\/index.php\/player\/gestur-mar-saevarsson\/\"><img loading=\"lazy\" decoding=\"async\" width=\"150\" height=\"150\" src=\"\/\/www.gravatar.com\/avatar\/?s=150&amp;d=mm&amp;f=y\" class=\"attachment-thumbnail wp-post-image\"><\/a><\/dt><a href=\"https:\/\/stats.fusijama.stigsson.is\/index.php\/player\/gestur-mar-saevarsson\/\"><dd class=\"wp-caption-text gallery-caption small-3 columns\">Gestur M\u00e1r S\u00e6varsson<\/dd><\/a><\/dl><dl class='gallery-item'>\n\t<dt class='gallery-icon portrait'><a href=\"https:\/\/stats.fusijama.stigsson.is\/index.php\/player\/haraldur-jon-johannesson\/\"><img loading=\"lazy\" decoding=\"async\" width=\"150\" height=\"150\" src=\"\/\/www.gravatar.com\/avatar\/?s=150&amp;d=mm&amp;f=y\" class=\"attachment-thumbnail wp-post-image\"><\/a><\/dt><a href=\"https:\/\/stats.fusijama.stigsson.is\/index.php\/player\/haraldur-jon-johannesson\/\"><dd class=\"wp-caption-text gallery-caption small-3 columns\">Haraldur J\u00f3n J\u00f3hannesson<\/dd><\/a><\/dl><dl class='gallery-item'>\n\t<dt class='gallery-icon portrait'><a href=\"https:\/\/stats.fusijama.stigsson.is\/index.php\/player\/jon-kristinn-hafsteinsson\/\"><img loading=\"lazy\" decoding=\"async\" width=\"150\" height=\"150\" src=\"\/\/www.gravatar.com\/avatar\/?s=150&amp;d=mm&amp;f=y\" class=\"attachment-thumbnail wp-post-image\"><\/a><\/dt><a href=\"https:\/\/stats.fusijama.stigsson.is\/index.php\/player\/jon-kristinn-hafsteinsson\/\"><dd class=\"wp-caption-text gallery-caption small-3 columns\">J\u00f3n Kristinn Hafsteinsson<\/dd><\/a><\/dl><dl class='gallery-item'>\n\t<dt class='gallery-icon portrait'><a href=\"https:\/\/stats.fusijama.stigsson.is\/index.php\/player\/omar-freyr-omarsson\/\"><img loading=\"lazy\" decoding=\"async\" width=\"150\" height=\"150\" src=\"\/\/www.gravatar.com\/avatar\/?s=150&amp;d=mm&amp;f=y\" class=\"attachment-thumbnail wp-post-image\"><\/a><\/dt><a href=\"https:\/\/stats.fusijama.stigsson.is\/index.php\/player\/omar-freyr-omarsson\/\"><dd class=\"wp-caption-text gallery-caption small-3 columns\">\u00d3mar Freyr \u00d3marsson<\/dd><\/a><\/dl><dl class='gallery-item'>\n\t<dt class='gallery-icon portrait'><a href=\"https:\/\/stats.fusijama.stigsson.is\/index.php\/player\/agust-ivar-vilhjalmsson\/\"><img loading=\"lazy\" decoding=\"async\" width=\"150\" height=\"150\" src=\"\/\/www.gravatar.com\/avatar\/?s=150&amp;d=mm&amp;f=y\" class=\"attachment-thumbnail wp-post-image\"><\/a><\/dt><a href=\"https:\/\/stats.fusijama.stigsson.is\/index.php\/player\/agust-ivar-vilhjalmsson\/\"><dd class=\"wp-caption-text gallery-caption small-3 columns\">\u00c1g\u00fast \u00cdvar Vilhj\u00e1lmsson<\/dd><\/a><\/dl><dl class='gallery-item'>\n\t<dt class='gallery-icon portrait'><a href=\"https:\/\/stats.fusijama.stigsson.is\/index.php\/player\/kari-snaer-skarphedinsson\/\"><img loading=\"lazy\" decoding=\"async\" width=\"150\" height=\"150\" src=\"\/\/www.gravatar.com\/avatar\/?s=150&amp;d=mm&amp;f=y\" class=\"attachment-thumbnail wp-post-image\"><\/a><\/dt><a href=\"https:\/\/stats.fusijama.stigsson.is\/index.php\/player\/kari-snaer-skarphedinsson\/\"><dd class=\"wp-caption-text gallery-caption small-3 columns\">K\u00e1ri Sn\u00e6r Skarph\u00e9\u00f0insson<\/dd><\/a><\/dl><dl class='gallery-item'>\n\t<dt class='gallery-icon portrait'><a href=\"https:\/\/stats.fusijama.stigsson.is\/index.php\/player\/pall-palsson\/\"><img loading=\"lazy\" decoding=\"async\" width=\"150\" height=\"150\" src=\"\/\/www.gravatar.com\/avatar\/?s=150&amp;d=mm&amp;f=y\" class=\"attachment-thumbnail wp-post-image\"><\/a><\/dt><a href=\"https:\/\/stats.fusijama.stigsson.is\/index.php\/player\/pall-palsson\/\"><dd class=\"wp-caption-text gallery-caption small-3 columns\">P\u00e1ll P\u00e1lsson<\/dd><\/a><\/dl><dl class='gallery-item'>\n\t<dt class='gallery-icon portrait'><a href=\"https:\/\/stats.fusijama.stigsson.is\/index.php\/player\/samuel-sigurjon-samuelsson\/\"><img loading=\"lazy\" decoding=\"async\" width=\"150\" height=\"150\" src=\"\/\/www.gravatar.com\/avatar\/?s=150&amp;d=mm&amp;f=y\" class=\"attachment-thumbnail wp-post-image\"><\/a><\/dt><a href=\"https:\/\/stats.fusijama.stigsson.is\/index.php\/player\/samuel-sigurjon-samuelsson\/\"><dd class=\"wp-caption-text gallery-caption small-3 columns\">Sam\u00fael Sigurj\u00f3n Sam\u00faelsson<\/dd><\/a><\/dl><dl class='gallery-item'>\n\t<dt class='gallery-icon portrait'><a href=\"https:\/\/stats.fusijama.stigsson.is\/index.php\/player\/gabriel-antonio-mikaelsson\/\"><img loading=\"lazy\" decoding=\"async\" width=\"150\" height=\"150\" src=\"\/\/www.gravatar.com\/avatar\/?s=150&amp;d=mm&amp;f=y\" class=\"attachment-thumbnail wp-post-image\"><\/a><\/dt><a href=\"https:\/\/stats.fusijama.stigsson.is\/index.php\/player\/gabriel-antonio-mikaelsson\/\"><dd class=\"wp-caption-text gallery-caption small-3 columns\">Gabr\u00edel Antonio Mikaelsson<\/dd><\/a><\/dl><dl class='gallery-item'>\n\t<dt class='gallery-icon portrait'><a href=\"https:\/\/stats.fusijama.stigsson.is\/index.php\/player\/joakim-arnason\/\"><img loading=\"lazy\" decoding=\"async\" width=\"150\" height=\"150\" src=\"\/\/www.gravatar.com\/avatar\/?s=150&amp;d=mm&amp;f=y\" class=\"attachment-thumbnail wp-post-image\"><\/a><\/dt><a href=\"https:\/\/stats.fusijama.stigsson.is\/index.php\/player\/joakim-arnason\/\"><dd class=\"wp-caption-text gallery-caption small-3 columns\">J\u00f3akim \u00c1rnason<\/dd><\/a><\/dl><dl class='gallery-item'>\n\t<dt class='gallery-icon portrait'><a href=\"https:\/\/stats.fusijama.stigsson.is\/index.php\/player\/gudmundur-matthias-gudmannsson\/\"><img loading=\"lazy\" decoding=\"async\" width=\"150\" height=\"150\" src=\"\/\/www.gravatar.com\/avatar\/?s=150&amp;d=mm&amp;f=y\" class=\"attachment-thumbnail wp-post-image\"><\/a><\/dt><a href=\"https:\/\/stats.fusijama.stigsson.is\/index.php\/player\/gudmundur-matthias-gudmannsson\/\"><dd class=\"wp-caption-text gallery-caption small-3 columns\">Gu\u0111mundur Matth\u00edas Gu\u0111mannsson<\/dd><\/a><\/dl><dl class='gallery-item'>\n\t<dt class='gallery-icon portrait'><a href=\"https:\/\/stats.fusijama.stigsson.is\/index.php\/player\/sturla-stigsson\/\"><img loading=\"lazy\" decoding=\"async\" width=\"150\" height=\"150\" src=\"\/\/www.gravatar.com\/avatar\/?s=150&amp;d=mm&amp;f=y\" class=\"attachment-thumbnail wp-post-image\"><\/a><\/dt><a href=\"https:\/\/stats.fusijama.stigsson.is\/index.php\/player\/sturla-stigsson\/\"><dd class=\"wp-caption-text gallery-caption small-3 columns\">Sturla St\u00edgsson<\/dd><\/a><\/dl><dl class='gallery-item'>\n\t<dt class='gallery-icon portrait'><a href=\"https:\/\/stats.fusijama.stigsson.is\/index.php\/player\/oskar-gislason\/\"><img loading=\"lazy\" decoding=\"async\" width=\"150\" height=\"150\" src=\"\/\/www.gravatar.com\/avatar\/?s=150&amp;d=mm&amp;f=y\" class=\"attachment-thumbnail wp-post-image\"><\/a><\/dt><a href=\"https:\/\/stats.fusijama.stigsson.is\/index.php\/player\/oskar-gislason\/\"><dd class=\"wp-caption-text gallery-caption small-3 columns\">\u00d3skar G\u00edslason<\/dd><\/a><\/dl><dl class='gallery-item'>\n\t<dt class='gallery-icon portrait'><a href=\"https:\/\/stats.fusijama.stigsson.is\/index.php\/player\/helgi-dan-stefansson\/\"><img loading=\"lazy\" decoding=\"async\" width=\"150\" height=\"150\" src=\"\/\/www.gravatar.com\/avatar\/?s=150&amp;d=mm&amp;f=y\" class=\"attachment-thumbnail wp-post-image\"><\/a><\/dt><a href=\"https:\/\/stats.fusijama.stigsson.is\/index.php\/player\/helgi-dan-stefansson\/\"><dd class=\"wp-caption-text gallery-caption small-3 columns\">Helgi Dan Stef\u00e1nsson<\/dd><\/a><\/dl><dl class='gallery-item'>\n\t<dt class='gallery-icon portrait'><a href=\"https:\/\/stats.fusijama.stigsson.is\/index.php\/player\/jakob-einar-ulfarsson\/\"><img loading=\"lazy\" decoding=\"async\" width=\"150\" height=\"150\" src=\"\/\/www.gravatar.com\/avatar\/?s=150&amp;d=mm&amp;f=y\" class=\"attachment-thumbnail wp-post-image\"><\/a><\/dt><a href=\"https:\/\/stats.fusijama.stigsson.is\/index.php\/player\/jakob-einar-ulfarsson\/\"><dd class=\"wp-caption-text gallery-caption small-3 columns\">Jakob Einar \u00dalfarsson<\/dd><\/a><\/dl><dl class='gallery-item'>\n\t<dt class='gallery-icon portrait'><a href=\"https:\/\/stats.fusijama.stigsson.is\/index.php\/player\/halldor-gunnar-palsson\/\"><img loading=\"lazy\" decoding=\"async\" width=\"150\" height=\"150\" src=\"\/\/www.gravatar.com\/avatar\/?s=150&amp;d=mm&amp;f=y\" class=\"attachment-thumbnail wp-post-image\"><\/a><\/dt><a href=\"https:\/\/stats.fusijama.stigsson.is\/index.php\/player\/halldor-gunnar-palsson\/\"><dd class=\"wp-caption-text gallery-caption small-3 columns\">Halld\u00f3r Gunnar P\u00e1lsson<\/dd><\/a><\/dl><dl class='gallery-item'>\n\t<dt class='gallery-icon portrait'><a href=\"https:\/\/stats.fusijama.stigsson.is\/index.php\/player\/jon-olafur-gunnarsson\/\"><img loading=\"lazy\" decoding=\"async\" width=\"150\" height=\"150\" src=\"\/\/www.gravatar.com\/avatar\/?s=150&amp;d=mm&amp;f=y\" class=\"attachment-thumbnail wp-post-image\"><\/a><\/dt><a href=\"https:\/\/stats.fusijama.stigsson.is\/index.php\/player\/jon-olafur-gunnarsson\/\"><dd class=\"wp-caption-text gallery-caption small-3 columns\">J\u00f3n \u00d3lafur Gunnarsson<\/dd><\/a><\/dl><dl class='gallery-item'>\n\t<dt class='gallery-icon portrait'><a href=\"https:\/\/stats.fusijama.stigsson.is\/index.php\/player\/birgir-arni-birgisson\/\"><img loading=\"lazy\" decoding=\"async\" width=\"155\" height=\"250\" src=\"https:\/\/stats.fusijama.stigsson.is\/wp-content\/uploads\/2021\/04\/biggivskemps.jpg\" class=\"attachment-sportspress-crop-medium size-sportspress-crop-medium wp-post-image\" alt=\"\" \/><\/a><\/dt><a href=\"https:\/\/stats.fusijama.stigsson.is\/index.php\/player\/birgir-arni-birgisson\/\"><dd class=\"wp-caption-text gallery-caption small-3 columns\">Birgir \u00c1rni Birgisson<\/dd><\/a><\/dl><dl class='gallery-item'>\n\t<dt class='gallery-icon portrait'><a href=\"https:\/\/stats.fusijama.stigsson.is\/index.php\/player\/sverrir-orn-rafnsson\/\"><img loading=\"lazy\" decoding=\"async\" width=\"150\" height=\"150\" src=\"\/\/www.gravatar.com\/avatar\/?s=150&amp;d=mm&amp;f=y\" class=\"attachment-thumbnail wp-post-image\"><\/a><\/dt><a href=\"https:\/\/stats.fusijama.stigsson.is\/index.php\/player\/sverrir-orn-rafnsson\/\"><dd class=\"wp-caption-text gallery-caption small-3 columns\">Sverrir \u00d6rn Rafnsson<\/dd><\/a><\/dl><dl class='gallery-item'>\n\t<dt class='gallery-icon portrait'><a href=\"https:\/\/stats.fusijama.stigsson.is\/index.php\/player\/haukur-david-jonasson\/\"><img loading=\"lazy\" decoding=\"async\" width=\"155\" height=\"250\" src=\"https:\/\/stats.fusijama.stigsson.is\/wp-content\/uploads\/2021\/04\/haukurvskemps.jpg\" class=\"attachment-sportspress-crop-medium size-sportspress-crop-medium wp-post-image\" alt=\"\" \/><\/a><\/dt><a href=\"https:\/\/stats.fusijama.stigsson.is\/index.php\/player\/haukur-david-jonasson\/\"><dd class=\"wp-caption-text gallery-caption small-3 columns has-number\"><strong>1<\/strong> Haukur Dav\u00ed\u0111 J\u00f3nasson<\/dd><\/a><\/dl><dl class='gallery-item'>\n\t<dt class='gallery-icon portrait'><a href=\"https:\/\/stats.fusijama.stigsson.is\/index.php\/player\/trausti-mar-gretarsson\/\"><img loading=\"lazy\" decoding=\"async\" width=\"150\" height=\"150\" src=\"\/\/www.gravatar.com\/avatar\/?s=150&amp;d=mm&amp;f=y\" class=\"attachment-thumbnail wp-post-image\"><\/a><\/dt><a href=\"https:\/\/stats.fusijama.stigsson.is\/index.php\/player\/trausti-mar-gretarsson\/\"><dd class=\"wp-caption-text gallery-caption small-3 columns has-number\"><strong>2<\/strong> Trausti M\u00e1r Gr\u00e9tarsson<\/dd><\/a><\/dl><dl class='gallery-item'>\n\t<dt class='gallery-icon portrait'><a href=\"https:\/\/stats.fusijama.stigsson.is\/index.php\/player\/stefan-thor-olafsson\/\"><img loading=\"lazy\" decoding=\"async\" width=\"150\" height=\"150\" src=\"\/\/www.gravatar.com\/avatar\/?s=150&amp;d=mm&amp;f=y\" class=\"attachment-thumbnail wp-post-image\"><\/a><\/dt><a href=\"https:\/\/stats.fusijama.stigsson.is\/index.php\/player\/stefan-thor-olafsson\/\"><dd class=\"wp-caption-text gallery-caption small-3 columns has-number\"><strong>3<\/strong> Stef\u00e1n \u00de\u00f3r \u00d3lafsson<\/dd><\/a><\/dl><\/div><\/div><\/div>\n<\/div><\/p>\n","protected":false},"excerpt":{"rendered":"<p>This is an example Player List. As a new SportsPress user, you should go to your dashboard to delete this Player List and create new Player Lists for your content. Have fun!<\/p>\n","protected":false},"author":1,"featured_media":0,"parent":0,"menu_order":0,"comment_status":"closed","ping_status":"closed","template":"","meta":{"footnotes":""},"class_list":["post-76","page","type-page","status-publish","hentry"],"_links":{"self":[{"href":"https:\/\/stats.fusijama.stigsson.is\/index.php\/wp-json\/wp\/v2\/pages\/76","targetHints":{"allow":["GET"]}}],"collection":[{"href":"https:\/\/stats.fusijama.stigsson.is\/index.php\/wp-json\/wp\/v2\/pages"}],"about":[{"href":"https:\/\/stats.fusijama.stigsson.is\/index.php\/wp-json\/wp\/v2\/types\/page"}],"author":[{"embeddable":true,"href":"https:\/\/stats.fusijama.stigsson.is\/index.php\/wp-json\/wp\/v2\/users\/1"}],"replies":[{"embeddable":true,"href":"https:\/\/stats.fusijama.stigsson.is\/index.php\/wp-json\/wp\/v2\/comments?post=76"}],"version-history":[{"count":1,"href":"https:\/\/stats.fusijama.stigsson.is\/index.php\/wp-json\/wp\/v2\/pages\/76\/revisions"}],"predecessor-version":[{"id":82,"href":"https:\/\/stats.fusijama.stigsson.is\/index.php\/wp-json\/wp\/v2\/pages\/76\/revisions\/82"}],"wp:attachment":[{"href":"https:\/\/stats.fusijama.stigsson.is\/index.php\/wp-json\/wp\/v2\/media?parent=76"}],"curies":[{"name":"wp","href":"https:\/\/api.w.org\/{rel}","templated":true}]}}